{"id":1738,"date":"2026-03-27T15:20:24","date_gmt":"2026-03-27T15:20:24","guid":{"rendered":"https:\/\/masayo-yoga.ch\/?page_id=1738"},"modified":"2026-04-07T15:30:25","modified_gmt":"2026-04-07T15:30:25","slug":"home","status":"publish","type":"page","link":"https:\/\/masayo-yoga.ch\/en\/","title":{"rendered":"HOME"},"content":{"rendered":"<figure data-wp-context=\"{&quot;imageId&quot;:&quot;69d57f14d869b&quot;}\" data-wp-interactive=\"core\/image\" data-wp-key=\"69d57f14d869b\" data-spectra-id=\"spectra-mniu8d9t-sc7qr3\" data-aos-delay=\"0\" data-aos-duration=\"400\" data-aos-easing=\"ease\" data-aos-once=\"true\" data-aos=\"zoom-in\" class=\"wp-block-image alignwide size-large wp-lightbox-container\" style=\"margin-top:0;margin-bottom:0\"><img loading=\"lazy\" decoding=\"async\" width=\"1024\" height=\"576\" data-wp-class--hide=\"state.isContentHidden\" data-wp-class--show=\"state.isContentVisible\" data-wp-init=\"callbacks.setButtonStyles\" data-wp-on--click=\"actions.showLightbox\" data-wp-on--load=\"callbacks.setButtonStyles\" data-wp-on-window--resize=\"callbacks.setButtonStyles\" src=\"https:\/\/masayo-yoga.ch\/wp-content\/uploads\/2026\/04\/\u554f\u3044-7-1024x576.png\" alt=\"\u554f\u3044 7 1024x576\" class=\"wp-image-2260\" title=\"HOME\" srcset=\"https:\/\/masayo-yoga.ch\/wp-content\/uploads\/2026\/04\/\u554f\u3044-7-1024x576.png 1024w, https:\/\/masayo-yoga.ch\/wp-content\/uploads\/2026\/04\/\u554f\u3044-7-300x169.png 300w, https:\/\/masayo-yoga.ch\/wp-content\/uploads\/2026\/04\/\u554f\u3044-7-768x432.png 768w, https:\/\/masayo-yoga.ch\/wp-content\/uploads\/2026\/04\/\u554f\u3044-7-1536x864.png 1536w, https:\/\/masayo-yoga.ch\/wp-content\/uploads\/2026\/04\/\u554f\u3044-7.png 1920w\" sizes=\"auto, (max-width: 1024px) 100vw, 1024px\" \/><button\n\t\t\tclass=\"lightbox-trigger\"\n\t\t\ttype=\"button\"\n\t\t\taria-haspopup=\"dialog\"\n\t\t\taria-label=\"Enlarge\"\n\t\t\tdata-wp-init=\"callbacks.initTriggerButton\"\n\t\t\tdata-wp-on--click=\"actions.showLightbox\"\n\t\t\tdata-wp-style--right=\"state.imageButtonRight\"\n\t\t\tdata-wp-style--top=\"state.imageButtonTop\"\n\t\t>\n\t\t\t<svg xmlns=\"http:\/\/www.w3.org\/2000\/svg\" width=\"12\" height=\"12\" fill=\"none\" viewbox=\"0 0 12 12\">\n\t\t\t\t<path fill=\"#fff\" d=\"M2 0a2 2 0 0 0-2 2v2h1.5V2a.5.5 0 0 1 .5-.5h2V0H2Zm2 10.5H2a.5.5 0 0 1-.5-.5V8H0v2a2 2 0 0 0 2 2h2v-1.5ZM8 12v-1.5h2a.5.5 0 0 0 .5-.5V8H12v2a2 2 0 0 1-2 2H8Zm2-12a2 2 0 0 1 2 2v2h-1.5V2a.5.5 0 0 0-.5-.5H8V0h2Z\" \/>\n\t\t\t<\/svg>\n\t\t<\/button><\/figure>\n\n\n\n<h1 style=\"position:absolute; left:-9999px;\">\nMASAYO YOGA \u2013 \u30c1\u30e5\u30fc\u30ea\u30c3\u30d2\u30fb\u30b9\u30a4\u30b9\u3067\u65e5\u672c\u8a9e\u30e8\u30ac\uff08\u30b9\u30bf\u30b8\u30aa\uff06\u30aa\u30f3\u30e9\u30a4\u30f3\uff09\n<\/h1>\n\n\n\t<p data-spectra-id=\"spectra-mnivuk0z-pxgivz\" data-aos-delay=\"0\" data-aos-duration=\"400\" data-aos-easing=\"ease\" data-aos-once=\"true\" data-aos=\"fade\"\t\tclass=\"wp-block-spectra-content translation-block\">Where does your guiding core rest?<\/p>\n\n\n\n<p data-aos-delay=\"0\" data-aos-duration=\"400\" data-aos-easing=\"ease\" data-aos-once=\"true\" data-aos=\"fade\" class=\"has-text-align-center\"><\/p>\n\n\n\n<p><\/p>\n\n\n\n<p><\/p>\n\n\n\n<p><\/p>\n\n\n\n<p class=\"has-text-align-center translation-block\">Sometimes we resist\u2026\nthe flow of change,\na mind caught, holding on.<\/p>\n\n\n\n<p class=\"has-text-align-center translation-block\">Yet change moves\nwith the tide,\n\nsometimes swift \u2014\ngentle at times.<\/p>\n\n\n\n<p class=\"has-text-align-center translation-block\">As you slowly melt,\na space of gentle fullness\nemerges\nwithin your days.<\/p>\n\n\n\n<p class=\"has-text-align-center translation-block\">Yoga brings it to you.\n\nBreathe.\n\nBe present.\n\nReturn.<\/p>\n\n\n\n<p><\/p>\n\n\n\n<h2 class=\"wp-block-heading has-text-align-center translation-block\" style=\"font-size:clamp(14px, 0.875rem + ((1vw - 3.2px) * 0.313), 15px);\">Anytime, from anywhere. Japanese yoga sessions from Switzerland. Studio &amp; Online<\/h2>\n\n\n\n<h2 style=\"position:absolute; left:-9999px;\">\u52a9\u7523\u5e2b\u8cc7\u683c\u3042\u308a\u30fb\u30e8\u30ac\u54f2\u5b66\u8b1b\u5e2b<\/h2>\n\n\n\n\n\n\n\n<p class=\"has-text-align-center\"><br><\/p>\n\n\n\n<p class=\"has-text-align-center is-style-text-title has-x-large-font-size is-style-text-title--1\">Voices from the Practice<\/p>\n\n\n\n<div data-spectra-id=\"spectra-mnaafd0y-a8qyqv\" data-aos-delay=\"0\" data-aos-duration=\"400\" data-aos-easing=\"ease\" data-aos-once=\"true\" data-aos=\"fade\" style=\"--spectra-text-color: inherit; --spectra-pagination-color: #173c02d1; --spectra-pagination-color-active: #133a77; --spectra-overlay-opacity: 0.4;\" class=\"spectra-overlay-color spectra-text-color spectra-pagination-color spectra-pagination-color-active spectra-dim-ratio wp-block-spectra-slider\" id=\"spectra-slider-9\" data-swiper=\"{&quot;slidesPerView&quot;:1,&quot;spaceBetween&quot;:29,&quot;loop&quot;:false,&quot;navigation&quot;:{&quot;enabled&quot;:true,&quot;nextEl&quot;:&quot;.swiper-button-next&quot;,&quot;prevEl&quot;:&quot;.swiper-button-prev&quot;},&quot;pagination&quot;:{&quot;enabled&quot;:true,&quot;el&quot;:&quot;.swiper-pagination&quot;,&quot;clickable&quot;:true},&quot;autoplay&quot;:false,&quot;allowTouchMove&quot;:true,&quot;breakpoints&quot;:{&quot;0&quot;:{&quot;slidesPerView&quot;:1,&quot;spaceBetween&quot;:8},&quot;768&quot;:{&quot;slidesPerView&quot;:1,&quot;spaceBetween&quot;:29},&quot;1024&quot;:{&quot;slidesPerView&quot;:1,&quot;spaceBetween&quot;:29}}}\" data-modules=\"[]\">\n\n\t<div class=\"spectra-slider-container\">\n\t\t<div class=\"swiper\">\n\t\t\t<div class=\"swiper-wrapper\" aria-live=\"polite\">\n\t\t\t\t\n\n<div data-spectra-id=\"spectra-mnaafd5e-m4fcse\" style=\"--spectra-overlay-opacity: 100\" class=\"swiper-slide spectra-overlay-color spectra-dim-ratio wp-block-spectra-slider-child\" id=\"spectra-slider-3\">\n\t\t<div class=\"slide-content\">\n\t\t\n\n<figure data-aos-delay=\"0\" data-aos-duration=\"400\" data-aos-easing=\"ease\" data-aos-once=\"true\" data-aos=\"fade\" class=\"wp-block-pullquote has-text-align-center has-theme-1-background-color has-background\" style=\"padding-top:0;padding-bottom:0;font-size:14px\"><blockquote><p class=\"translation-block\">Doing fun and enjoyable yoga with Masayo is truly wonderful.\nAfter the session, we both feel happy and wrap up our time together.<\/p><cite><strong>D.S  \u300010-year-old girl<\/strong> <\/cite><\/blockquote><\/figure>\n\n\n<div data-spectra-id=\"spectra-mnlvkrb2-xfs1ee\" class=\"wp-block-spectra-accordion\" data-wp-interactive=\"spectra\/accordion\" data-wp-context='spectra\/accordion::{\"activeItem\":\"\"}'>\n\t\n<div data-spectra-id=\"spectra-mnlvkrfg-la8tz6\" class=\"wp-block-spectra-accordion-child-item\" data-wp-context='spectra\/accordion::{\"item\":\"spectra-accordion-item-2\",\"isDisabled\":false,\"headerId\":\"spectra-accordion-item-2-header\",\"detailsId\":\"spectra-accordion-item-2-details\",\"isExpanded\":false,\"detailsDisplay\":\"none\"}' data-wp-watch--toggle=\"spectra\/accordion::callbacks.isToggled\" data-wp-watch--animate=\"spectra\/accordion::callbacks.isAnimated\">\n\t\n<button aria-controls=\"spectra-accordion-item-2-details\" aria-expanded=\"false\" id=\"spectra-accordion-item-2-header\" data-spectra-id=\"spectra-mnlvkrkl-so20uh\" style=\"--spectra-background-color: theme-2\" class=\"spectra-background-color wp-block-spectra-accordion-child-header has-background has-theme-2-background-color\" data-wp-bind--id=\"spectra\/accordion::context.headerId\" data-wp-on--click=\"spectra\/accordion::actions.toggleAnswer\" data-wp-bind--aria-controls=\"spectra\/accordion::context.detailsId\" data-wp-bind--aria-expanded=\"spectra\/accordion::context.isExpanded\" data-wp-bind--disabled=\"spectra\/accordion::context.isDisabled\">\n\t\n<span data-spectra-id=\"spectra-mnlvkrpa-3jluy1\" class=\"wp-block-spectra-accordion-child-header-icon\" data-wp-context='spectra\/accordion::{\"displayType\":\"flex\",\"styleDisplay\":\"none\",\"styleHide\":\"flex\"}' data-wp-watch=\"spectra\/accordion::callbacks.updateIconDisplay\">\n\t<span style=\"display:flex\" data-wp-bind--hidden=\"spectra\/accordion::context.isExpanded\" data-wp-style--display=\"spectra\/accordion::context.styleHide\">\n\t\t\t\t\t<svg class=\"spectra-icon\" xmlns=\"https:\/\/www.w3.org\/2000\/svg\" viewbox=\"0 0 448 512\" focusable=\"false\" aria-hidden=\"true\" style=\"fill: currentColor\"><path d=\"M432 256c0 17.69-14.33 32.01-32 32.01H256v144c0 17.69-14.33 31.99-32 31.99s-32-14.3-32-31.99v-144H48c-17.67 0-32-14.32-32-32.01s14.33-31.99 32-31.99H192v-144c0-17.69 14.33-32.01 32-32.01s32 14.32 32 32.01v144h144C417.7 224 432 238.3 432 256z\"><\/path><\/svg>\n\t\t\t\t<\/span>\n\t<span hidden style=\"display:none\" data-wp-bind--hidden=\"spectra\/accordion::!context.isExpanded\" data-wp-style--display=\"spectra\/accordion::context.styleDisplay\">\n\t\t\t\t\t<svg class=\"spectra-icon\" xmlns=\"https:\/\/www.w3.org\/2000\/svg\" viewbox=\"0 0 448 512\" focusable=\"false\" aria-hidden=\"true\" style=\"fill: currentColor\"><path d=\"M400 288h-352c-17.69 0-32-14.32-32-32.01s14.31-31.99 32-31.99h352c17.69 0 32 14.3 32 31.99S417.7 288 400 288z\"><\/path><\/svg>\n\t\t\t\t<\/span>\n<\/span>\n\n\n<span data-spectra-id=\"spectra-mnlvkrpg-1cmogy\" class=\"wp-block-spectra-accordion-child-header-content\">\n\tOriginal in German<\/span>\n\n<\/button>\n\n\n<div aria-labelledby=\"spectra-accordion-item-2-header\" hidden id=\"spectra-accordion-item-2-details\" style=\"display:none\" data-spectra-id=\"spectra-mnlvkrkq-yj9xwt\" class=\"wp-block-spectra-accordion-child-details\" data-wp-bind--hidden=\"spectra\/accordion::!context.isExpanded\" data-wp-bind--id=\"spectra\/accordion::context.detailsId\" data-wp-bind--aria-labelledby=\"spectra\/accordion::context.headerId\" data-wp-style--display=\"spectra\/accordion::context.detailsDisplay\">\n\t\n\t<p data-spectra-id=\"spectra-mnlvlue7-8natqu\" class=\"wp-block-spectra-content\">\n\t\tMasayo macht mit mir lustiges aber auch sch\u00f6nes Yoga, das ist toll!<br>Danach sind wir beide gl\u00fccklich und verabschieden uns.\t<\/p>\n\n\n\n<p class=\"has-text-align-center\" style=\"font-size:12px\"><br> 10 Jahre M\u00e4dchen<\/p>\n\n<\/div>\n\n<\/div>\n\n<\/div>\n\n\t<\/div>\n<\/div>\n\n\n\n<div data-spectra-id=\"spectra-mnaafd5p-v6wqld\" style=\"--spectra-background-color: hsl(0 0% 100%);--spectra-overlay-opacity: 100\" class=\"swiper-slide spectra-background-overlay spectra-overlay-color spectra-background-color spectra-dim-ratio wp-block-spectra-slider-child\" id=\"spectra-slider-5\">\n\t\t<div class=\"slide-content\">\n\t\t\n\n<p class=\"has-text-align-center has-theme-1-background-color has-background translation-block\">Every Saturday feels like a little paradise.\nYoga with Masayo is very relaxing and comfortable.\nIt\u2019s a friendly and calming space where I can enjoy yoga guided by her gentle voice.\nMasayo watches over us and takes the time to carefully correct our poses when needed.\nAnd at the end, Shavasana leaves us feeling completely refreshed.\nNamaste.<\/p>\n\n\n<div data-spectra-id=\"spectra-mnlw9ft4-n66q2e\" class=\"wp-block-spectra-accordion\" data-wp-interactive=\"spectra\/accordion\" data-wp-context='spectra\/accordion::{\"activeItem\":\"\"}'>\n\t\n<div data-spectra-id=\"spectra-mnlw9fyy-9l1gf4\" class=\"wp-block-spectra-accordion-child-item\" data-wp-context='spectra\/accordion::{\"item\":\"spectra-accordion-item-4\",\"isDisabled\":false,\"headerId\":\"spectra-accordion-item-4-header\",\"detailsId\":\"spectra-accordion-item-4-details\",\"isExpanded\":false,\"detailsDisplay\":\"none\"}' data-wp-watch--toggle=\"spectra\/accordion::callbacks.isToggled\" data-wp-watch--animate=\"spectra\/accordion::callbacks.isAnimated\">\n\t\n<button aria-controls=\"spectra-accordion-item-4-details\" aria-expanded=\"false\" id=\"spectra-accordion-item-4-header\" data-spectra-id=\"spectra-mnlw9g3v-bg3rhk\" style=\"--spectra-background-color: theme-2\" class=\"spectra-background-color wp-block-spectra-accordion-child-header has-background has-theme-2-background-color\" data-wp-bind--id=\"spectra\/accordion::context.headerId\" data-wp-on--click=\"spectra\/accordion::actions.toggleAnswer\" data-wp-bind--aria-controls=\"spectra\/accordion::context.detailsId\" data-wp-bind--aria-expanded=\"spectra\/accordion::context.isExpanded\" data-wp-bind--disabled=\"spectra\/accordion::context.isDisabled\">\n\t\n<span data-spectra-id=\"spectra-mnlw9g9b-wox4yu\" class=\"wp-block-spectra-accordion-child-header-icon\" data-wp-context='spectra\/accordion::{\"displayType\":\"flex\",\"styleDisplay\":\"none\",\"styleHide\":\"flex\"}' data-wp-watch=\"spectra\/accordion::callbacks.updateIconDisplay\">\n\t<span style=\"display:flex\" data-wp-bind--hidden=\"spectra\/accordion::context.isExpanded\" data-wp-style--display=\"spectra\/accordion::context.styleHide\">\n\t\t\t\t\t<svg class=\"spectra-icon\" xmlns=\"https:\/\/www.w3.org\/2000\/svg\" viewbox=\"0 0 448 512\" focusable=\"false\" aria-hidden=\"true\" style=\"fill: currentColor\"><path d=\"M432 256c0 17.69-14.33 32.01-32 32.01H256v144c0 17.69-14.33 31.99-32 31.99s-32-14.3-32-31.99v-144H48c-17.67 0-32-14.32-32-32.01s14.33-31.99 32-31.99H192v-144c0-17.69 14.33-32.01 32-32.01s32 14.32 32 32.01v144h144C417.7 224 432 238.3 432 256z\"><\/path><\/svg>\n\t\t\t\t<\/span>\n\t<span hidden style=\"display:none\" data-wp-bind--hidden=\"spectra\/accordion::!context.isExpanded\" data-wp-style--display=\"spectra\/accordion::context.styleDisplay\">\n\t\t\t\t\t<svg class=\"spectra-icon\" xmlns=\"https:\/\/www.w3.org\/2000\/svg\" viewbox=\"0 0 448 512\" focusable=\"false\" aria-hidden=\"true\" style=\"fill: currentColor\"><path d=\"M400 288h-352c-17.69 0-32-14.32-32-32.01s14.31-31.99 32-31.99h352c17.69 0 32 14.3 32 31.99S417.7 288 400 288z\"><\/path><\/svg>\n\t\t\t\t<\/span>\n<\/span>\n\n\n<span data-spectra-id=\"spectra-mnlw9g9i-xrb4qz\" class=\"wp-block-spectra-accordion-child-header-content\">\n\tOriginal in French<\/span>\n\n<\/button>\n\n\n<div aria-labelledby=\"spectra-accordion-item-4-header\" hidden id=\"spectra-accordion-item-4-details\" style=\"display:none\" data-spectra-id=\"spectra-mnlw9g41-kizbsb\" class=\"wp-block-spectra-accordion-child-details\" data-wp-bind--hidden=\"spectra\/accordion::!context.isExpanded\" data-wp-bind--id=\"spectra\/accordion::context.detailsId\" data-wp-bind--aria-labelledby=\"spectra\/accordion::context.headerId\" data-wp-style--display=\"spectra\/accordion::context.detailsDisplay\">\n\t\n\t<p data-spectra-id=\"spectra-mnlvrfnv-fduto6\" class=\"wp-block-spectra-content\">\n\t\tUn p&#8217;tit coin d&#8217;paradis tous les samedis<br> &#8211; Je me sens tr\u00e8s \u00e0 l&#8217;aise au yoga chez Masayo san <br>&#8211; convivialit\u00e9, tranquillit\u00e9 active, s\u00e9r\u00e9nit\u00e9, <br>une voix douce qui me transporte<br> en japonais un peu plus loin. <br>Et Masayo san \u00e0 l&#8217;\u0153il et prend le temps, <br>au besoin, de corriger, les positions.<br>Et \u00e0 la fin: Shavasana, qui nous fait tant de bien.<br>Namaste<br><br>46 ans  Homme\t<\/p>\n\n\n\n<p><\/p>\n\n<\/div>\n\n<\/div>\n\n<\/div>\n\n\n<div data-spectra-id=\"spectra-mnlw653u-wxahuq\" style=\"overflow: visible\" class=\"spectra-overlay-color spectra-overflow wp-block-spectra-container\" data-orientation=\"vertical\">\n\t<\/div>\n\n\n\n<p><\/p>\n\n\t<\/div>\n<\/div>\n\n\n\n<div data-spectra-id=\"spectra-mnaafd5v-y7jemn\" style=\"--spectra-overlay-opacity: 100\" class=\"swiper-slide spectra-overlay-color spectra-dim-ratio wp-block-spectra-slider-child\" id=\"spectra-slider-7\">\n\t\t<div class=\"slide-content\">\n\t\t\n\n<p data-aos-delay=\"0\" data-aos-duration=\"400\" data-aos-easing=\"ease\" data-aos-once=\"true\" data-aos=\"fade\" class=\"has-text-align-center has-medium-font-size translation-block\" style=\"border-top-left-radius:41px;border-top-right-radius:41px;border-bottom-left-radius:41px;border-bottom-right-radius:41px;margin-top:0;margin-right:0;margin-bottom:0;margin-left:0\">Masayo offers varied yoga lessons and is always attentive to any concerns.\nEvery time I finish a session, I leave feeling calm, more mindful, and filled with joy.<\/p>\n\n\n<div data-spectra-id=\"spectra-mnlwi6kd-v9ud92\" class=\"wp-block-spectra-accordion\" data-wp-interactive=\"spectra\/accordion\" data-wp-context='spectra\/accordion::{\"activeItem\":\"\"}'>\n\t\n<div data-spectra-id=\"spectra-mnlwi6qb-g66cne\" class=\"wp-block-spectra-accordion-child-item\" data-wp-context='spectra\/accordion::{\"item\":\"spectra-accordion-item-6\",\"isDisabled\":false,\"headerId\":\"spectra-accordion-item-6-header\",\"detailsId\":\"spectra-accordion-item-6-details\",\"isExpanded\":false,\"detailsDisplay\":\"none\"}' data-wp-watch--toggle=\"spectra\/accordion::callbacks.isToggled\" data-wp-watch--animate=\"spectra\/accordion::callbacks.isAnimated\">\n\t\n<button aria-controls=\"spectra-accordion-item-6-details\" aria-expanded=\"false\" id=\"spectra-accordion-item-6-header\" data-spectra-id=\"spectra-mnlwi6vx-yxrwxc\" style=\"--spectra-background-color: theme-2\" class=\"spectra-background-color wp-block-spectra-accordion-child-header has-background has-theme-2-background-color\" data-wp-bind--id=\"spectra\/accordion::context.headerId\" data-wp-on--click=\"spectra\/accordion::actions.toggleAnswer\" data-wp-bind--aria-controls=\"spectra\/accordion::context.detailsId\" data-wp-bind--aria-expanded=\"spectra\/accordion::context.isExpanded\" data-wp-bind--disabled=\"spectra\/accordion::context.isDisabled\">\n\t\n<span data-spectra-id=\"spectra-mnlwi712-3ssl0j\" class=\"wp-block-spectra-accordion-child-header-icon\" data-wp-context='spectra\/accordion::{\"displayType\":\"flex\",\"styleDisplay\":\"none\",\"styleHide\":\"flex\"}' data-wp-watch=\"spectra\/accordion::callbacks.updateIconDisplay\">\n\t<span style=\"display:flex\" data-wp-bind--hidden=\"spectra\/accordion::context.isExpanded\" data-wp-style--display=\"spectra\/accordion::context.styleHide\">\n\t\t\t\t\t<svg class=\"spectra-icon\" xmlns=\"https:\/\/www.w3.org\/2000\/svg\" viewbox=\"0 0 448 512\" focusable=\"false\" aria-hidden=\"true\" style=\"fill: currentColor\"><path d=\"M432 256c0 17.69-14.33 32.01-32 32.01H256v144c0 17.69-14.33 31.99-32 31.99s-32-14.3-32-31.99v-144H48c-17.67 0-32-14.32-32-32.01s14.33-31.99 32-31.99H192v-144c0-17.69 14.33-32.01 32-32.01s32 14.32 32 32.01v144h144C417.7 224 432 238.3 432 256z\"><\/path><\/svg>\n\t\t\t\t<\/span>\n\t<span hidden style=\"display:none\" data-wp-bind--hidden=\"spectra\/accordion::!context.isExpanded\" data-wp-style--display=\"spectra\/accordion::context.styleDisplay\">\n\t\t\t\t\t<svg class=\"spectra-icon\" xmlns=\"https:\/\/www.w3.org\/2000\/svg\" viewbox=\"0 0 448 512\" focusable=\"false\" aria-hidden=\"true\" style=\"fill: currentColor\"><path d=\"M400 288h-352c-17.69 0-32-14.32-32-32.01s14.31-31.99 32-31.99h352c17.69 0 32 14.3 32 31.99S417.7 288 400 288z\"><\/path><\/svg>\n\t\t\t\t<\/span>\n<\/span>\n\n\n<span data-spectra-id=\"spectra-mnlwi717-7wzgyl\" class=\"wp-block-spectra-accordion-child-header-content\">\n\tOriginal in German<\/span>\n\n<\/button>\n\n\n<div aria-labelledby=\"spectra-accordion-item-6-header\" hidden id=\"spectra-accordion-item-6-details\" style=\"display:none\" data-spectra-id=\"spectra-mnlwi6w3-9r83g3\" class=\"wp-block-spectra-accordion-child-details\" data-wp-bind--hidden=\"spectra\/accordion::!context.isExpanded\" data-wp-bind--id=\"spectra\/accordion::context.detailsId\" data-wp-bind--aria-labelledby=\"spectra\/accordion::context.headerId\" data-wp-style--display=\"spectra\/accordion::context.detailsDisplay\">\n\t\n\t<p data-spectra-id=\"spectra-mnlwjpc0-5cifuw\" class=\"wp-block-spectra-content\">\n\t\tMasayo gestaltet abwechslungsreiche Yogalektionen <br>und <br>hat zudem immer <br>ein offenes Ohr f\u00fcr Anliegen. <br>Jedesmal verlasse ich den Raum <br>mit einer ruhigen Stimmung, <br>erh\u00f6hter Achtsamkeit und Freude.<br><br>46 Jahre  Frau<br>\t<\/p>\n\n<\/div>\n\n<\/div>\n\n<\/div>\n\n\n\n<p data-aos-delay=\"0\" data-aos-duration=\"400\" data-aos-easing=\"ease\" data-aos-once=\"true\" data-aos=\"fade\" class=\"has-text-align-center has-medium-font-size\" style=\"border-top-left-radius:41px;border-top-right-radius:41px;border-bottom-left-radius:41px;border-bottom-right-radius:41px;margin-top:0;margin-right:0;margin-bottom:0;margin-left:0\"><\/p>\n\n\n\n<p><\/p>\n\n\t<\/div>\n<\/div>\n\n\n\n<div data-spectra-id=\"spectra-mnaug7us-xdizaa\" style=\"--spectra-overlay-opacity: 100\" class=\"swiper-slide spectra-overlay-color spectra-dim-ratio wp-block-spectra-slider-child\" id=\"spectra-slider-8\">\n\t\t<div class=\"slide-content\">\n\t\t\t<\/div>\n<\/div>\n\n\t\t\t<\/div>\n\t\t<\/div>\n\n\t\t\t\t\t<div class=\"spectra-slider-navigation\" role=\"group\" aria-label=\"Slider navigation controls\">\n\t\t\t\t<div \n\t\t\t\t\tclass=\"swiper-button-prev\" \n\t\t\t\t\trole=\"button\"\n\t\t\t\t\taria-label=\"Previous slide\"\n\t\t\t\t\tdata-role=\"none\"\n\t\t\t\t\ttabindex=\"0\"\n\t\t\t\t>\n\t\t\t\t\t<span class=\"screen-reader-text\">Previous slide<\/span>\n\t\t\t\t\t\t\t\t<svg class=\"spectra-icon\" xmlns=\"https:\/\/www.w3.org\/2000\/svg\" viewbox= \"0 0 448 512\"\n\t\t\t\t focusable=\"false\" aria-hidden=\"true\"\t\t\t><path d=\"M447.1 256C447.1 273.7 433.7 288 416 288H109.3l105.4 105.4c12.5 12.5 12.5 32.75 0 45.25C208.4 444.9 200.2 448 192 448s-16.38-3.125-22.62-9.375l-160-160c-12.5-12.5-12.5-32.75 0-45.25l160-160c12.5-12.5 32.75-12.5 45.25 0s12.5 32.75 0 45.25L109.3 224H416C433.7 224 447.1 238.3 447.1 256z\"><\/path><\/svg>\n\t\t\t\t\t\t\t<\/div>\n\t\t\t\t<div \n\t\t\t\t\tclass=\"swiper-button-next\" \n\t\t\t\t\trole=\"button\"\n\t\t\t\t\taria-label=\"Next slide\"\n\t\t\t\t\tdata-role=\"none\"\n\t\t\t\t\ttabindex=\"0\"\n\t\t\t\t>\n\t\t\t\t\t<span class=\"screen-reader-text\">Next slide<\/span>\n\t\t\t\t\t\t\t\t<svg class=\"spectra-icon\" xmlns=\"https:\/\/www.w3.org\/2000\/svg\" viewbox= \"0 0 448 512\"\n\t\t\t\t focusable=\"false\" aria-hidden=\"true\"\t\t\t><path d=\"M438.6 278.6l-160 160C272.4 444.9 264.2 448 256 448s-16.38-3.125-22.62-9.375c-12.5-12.5-12.5-32.75 0-45.25L338.8 288H32C14.33 288 .0016 273.7 .0016 256S14.33 224 32 224h306.8l-105.4-105.4c-12.5-12.5-12.5-32.75 0-45.25s32.75-12.5 45.25 0l160 160C451.1 245.9 451.1 266.1 438.6 278.6z\"><\/path><\/svg>\n\t\t\t\t\t\t\t<\/div>\n\t\t\t<\/div>\n\t\t\n\t\t\t\t\t<div \n\t\t\t\tclass=\"swiper-pagination\" \n\t\t\t\trole=\"tablist\" \n\t\t\t\taria-label=\"Slider pagination\"\n\t\t\t\tdata-role=\"none\"\n\t\t\t><\/div>\n\t\t\t<\/div>\n<\/div>\n\n\n<div data-aos-delay=\"0\" data-aos-duration=\"400\" data-aos-easing=\"ease\" data-aos-once=\"true\" data-aos=\"fade\" style=\"margin-top:var(--wp--preset--spacing--40);margin-bottom:var(--wp--preset--spacing--40);margin-left:var(--wp--preset--spacing--30);margin-right:var(--wp--preset--spacing--30);\" class=\"aligncenter wp-block-site-logo\"><a href=\"https:\/\/masayo-yoga.ch\/en\/\" class=\"custom-logo-link\" rel=\"home\"><img loading=\"lazy\" decoding=\"async\" width=\"49\" height=\"47\" src=\"https:\/\/masayo-yoga.ch\/wp-content\/uploads\/2026\/03\/Screenshot-2025-08-21-174641.png\" class=\"custom-logo\" alt=\"MASAYO \u3000YOGA\" title=\"HOME\"><\/a><\/div>\n\n\n<p><\/p>","protected":false},"excerpt":{"rendered":"<p>MASAYO YOGA \u2013 \u30c1\u30e5\u30fc\u30ea\u30c3\u30d2\u30fb\u30b9\u30a4\u30b9\u3067\u65e5\u672c\u8a9e\u30e8\u30ac\uff08\u30b9\u30bf\u30b8\u30aa\uff06\u30aa\u30f3\u30e9\u30a4\u30f3\uff09 \u79c1\u305f\u3061\u306f\u3001\u3068\u304d\u306b\u5909\u5316\u306b\u6297 [&hellip;]<\/p>\n","protected":false},"author":1,"featured_media":0,"parent":0,"menu_order":0,"comment_status":"closed","ping_status":"closed","template":"","meta":{"_uag_custom_page_level_css":"","footnotes":""},"class_list":["post-1738","page","type-page","status-publish","hentry"],"_hostinger_reach_plugin_has_subscription_block":false,"_hostinger_reach_plugin_is_elementor":false,"uagb_featured_image_src":{"full":false,"thumbnail":false,"medium":false,"medium_large":false,"large":false,"1536x1536":false,"2048x2048":false,"trp-custom-language-flag":false},"uagb_author_info":{"display_name":"masayo-yoga@outlook.com","author_link":"https:\/\/masayo-yoga.ch\/en\/author\/masayo-yogaoutlook-com\/"},"uagb_comment_info":0,"uagb_excerpt":"MASAYO YOGA \u2013 \u30c1\u30e5\u30fc\u30ea\u30c3\u30d2\u30fb\u30b9\u30a4\u30b9\u3067\u65e5\u672c\u8a9e\u30e8\u30ac\uff08\u30b9\u30bf\u30b8\u30aa\uff06\u30aa\u30f3\u30e9\u30a4\u30f3\uff09 \u79c1\u305f\u3061\u306f\u3001\u3068\u304d\u306b\u5909\u5316\u306b\u6297&hellip;","_links":{"self":[{"href":"https:\/\/masayo-yoga.ch\/en\/wp-json\/wp\/v2\/pages\/1738","targetHints":{"allow":["GET"]}}],"collection":[{"href":"https:\/\/masayo-yoga.ch\/en\/wp-json\/wp\/v2\/pages"}],"about":[{"href":"https:\/\/masayo-yoga.ch\/en\/wp-json\/wp\/v2\/types\/page"}],"author":[{"embeddable":true,"href":"https:\/\/masayo-yoga.ch\/en\/wp-json\/wp\/v2\/users\/1"}],"replies":[{"embeddable":true,"href":"https:\/\/masayo-yoga.ch\/en\/wp-json\/wp\/v2\/comments?post=1738"}],"version-history":[{"count":172,"href":"https:\/\/masayo-yoga.ch\/en\/wp-json\/wp\/v2\/pages\/1738\/revisions"}],"predecessor-version":[{"id":2533,"href":"https:\/\/masayo-yoga.ch\/en\/wp-json\/wp\/v2\/pages\/1738\/revisions\/2533"}],"wp:attachment":[{"href":"https:\/\/masayo-yoga.ch\/en\/wp-json\/wp\/v2\/media?parent=1738"}],"curies":[{"name":"wp","href":"https:\/\/api.w.org\/{rel}","templated":true}]}}